{"id":2,"date":"2023-07-29T15:16:43","date_gmt":"2023-07-29T15:16:43","guid":{"rendered":"https:\/\/www.it-line.ch\/?page_id=2"},"modified":"2023-07-29T18:30:06","modified_gmt":"2023-07-29T18:30:06","slug":"sample-page","status":"publish","type":"page","link":"https:\/\/www.it-line.ch\/?page_id=2","title":{"rendered":"News"},"content":{"rendered":"\n<h1 class=\"wp-block-heading\">Neue Funktionen f\u00fcr Microsoft Teams und Outlook<\/h1>\n\n\n\n<p id=\"viewer-foo\"><em>Mit den neuen Funktionen f\u00fcr Teams und Outlook geht Microsoft auf die Bed\u00fcrfnisse von Menschen ein, die hybrid arbeiten, also mal im B\u00fcro sind und mal von ausserhalb arbeiten. Die Updates erm\u00f6glichen den Nutzern bestimmte Optionen auszuw\u00e4hlen, je nachdem, ob sie im B\u00fcro arbeiten oder von zu Hause.<\/em><\/p>\n\n\n\n<p id=\"viewer-es2pe\">Die letzten zwei Jahre haben die Art und Weise, wie und wo Menschen arbeiten, ver\u00e4ndert. In einer Umfrage haben wir ermittelt, welche Arbeitsmodelle unsere Mitarbeitenden, Kunden und auch Sie da draussen bevorzugen w\u00fcrden. Die Antwort hat uns ehrlich gesagt nicht \u00fcberrascht, rund 78 Prozent bevorzugen ein hybrides Arbeitszeitmodell. Da kommen die neuen Funktionen von Microsoft, die genau diese Thematik in Teams und Outlook aufnehmen gerade recht. Microsoft hat in einem Blog beschrieben, wie Outlook und Teams aktualisiert werden, um mit dieser neuen Art des Arbeitens Schritt zu halten.<\/p>\n\n\n\n<p>Entscheiden, wo an einem Meeting teilgenommen wird<\/p>\n\n\n\n<p id=\"viewer-d6h2l\">In Outlook kann auf im Prozess der Annahme eines Meetings angegeben werden, von wo aus an einer Sitzung teilgenommen wird. Dies geschieht \u00fcber ein neues RSVP-Fenster. Zur Auswahl stehen die pers\u00f6nliche oder virtuelle Teilnahme. Diese Option verdeutlicht nicht nur die Teilnahme an einer Besprechung, sondern kann Organisatoren dabei helfen, Besprechungen besser vorzubereiten.<\/p>\n\n\n\n<p id=\"viewer-5pusv\">Die neuen RSVP-Optionen sollen voraussichtlich im zweiten Quartal 2022 in einer \u00f6ffentlichen Vorschau von Outlook im Web erscheinen.<\/p>\n\n\n\n<figure class=\"wp-block-image size-large\"><img decoding=\"async\" src=\"https:\/\/www.microsoft.com\/en-us\/microsoft-365\/blog\/wp-content\/uploads\/sites\/2\/2022\/03\/Outlook-RSVP.png\" alt=\"\"\/><\/figure>\n\n\n\n<p>Bildquele; <a href=\"https:\/\/www.microsoft.com\/en-us\/microsoft-365\/blog\/wp-content\/uploads\/sites\/2\/2022\/03\/Outlook-RSVP.png\">Microsoft<\/a><\/p>\n\n\n\n<h2 class=\"wp-block-heading\">Pr\u00e4sentation in Teams auf das virtuelle Publikum abstimmen<\/h2>\n\n\n\n<p id=\"viewer-1fuhm\">In Microsoft Teams gibt es k\u00fcnftig eine Funktion, mit der Moderierende ihre Pr\u00e4sentationen besser auf ein virtuelles Publikum abstimmen k\u00f6nnen. Die KI-basierte Funktion unterst\u00fctz dabei, den Redefluss zu halte und warnt Moderierende, falls Teilnehmer unterbrochen werden. Ausserdem erinnert die Funktion regelm\u00e4ssig daran, das Publikum einzubeziehen. Eine weitere Verbesserungen betrifft die Teams-Rooms. Hier soll eine Option, die Video- und Audiodaten sowie die gemeinsame Nutzung von Inhalten f\u00fcr pers\u00f6nliche als auch f\u00fcr virtuelle Teilnehmer\/innen attraktiver zu machen.<\/p>\n\n\n\n<p id=\"viewer-dn12s\">Eine zus\u00e4tzliche Sprachdolmetschoption soll Live-Dolmetschern dabei unterst\u00fctzen, die Worte eines Redners in Echtzeit in eine andere Sprache zu \u00fcbersetzen. Organisatoren von Meetings k\u00f6nnen zwischen 16 Ausgangs- und Zielsprachen w\u00e4hlen. Die \u00fcbersetzten W\u00f6rter werden im Vordergrund abgespielt, w\u00e4hrend das Original im Hintergrund mit geringerer Lautst\u00e4rke abgespielt wird.<\/p>\n\n\n\n<h2 class=\"wp-block-heading\">Neues Microsoft Meeting-Layout &#8222;Front Row&#8220; f\u00fcr Teams-Rooms<\/h2>\n\n\n\n<p>Um sowohl die Teilnehmenden aus der Ferne als auch die Teilnehmerinnen und Teilnehmer vor Ort gleichermassen einzubeziehen, stellt Microsoft ein neues Meeting-Layout namens Front Row vor. Speziell f\u00fcr hybride Meetings zeigt Front Row die Videogalerie auf Augenh\u00f6he an, damit die physisch anwesenden Personen leichter mit den virtuellen Teilnehmenden interagieren k\u00f6nnen. Alle geteilten Inhalte werden in der Mitte des Bildschirms angezeigt und von anderen Meeting-Aktivit\u00e4ten und Reaktionen umgeben. Die erste Reihe ist derzeit im Vorschaumodus verf\u00fcgbar, weitere Funktionen sollen im Laufe des Jahres folgen.<\/p>\n\n\n\n<figure class=\"wp-block-image size-large\"><img decoding=\"async\" src=\"https:\/\/www.microsoft.com\/en-us\/microsoft-365\/blog\/wp-content\/uploads\/sites\/2\/2022\/03\/RF_Microsoft_CompanionExp_Still_031622.png\" alt=\"\"\/><\/figure>\n\n\n\n<p>Bildquelle: <a href=\"https:\/\/www.microsoft.com\/en-us\/microsoft-365\/blog\/wp-content\/uploads\/sites\/2\/2022\/03\/RF_Microsoft_CompanionExp_Still_031622.png\">Microsoft<\/a><\/p>\n\n\n\n<p id=\"viewer-a9hms\">Weitere \u00c4nderungen f\u00fcr Teams-Rooms sind in Planung:<\/p>\n\n\n\n<ul class=\"wp-block-list\">\n<li>Bei Teilnahme an einer Besprechung in Teams-Rooms von einem PC oder einem mobilen Ger\u00e4t aus, schaltet sich der Ton automatisch aus, um R\u00fcckkopplungen zu vermeiden.<\/li>\n\n\n\n<li>Als Moderatorin oder Moderator kann die Videofunktion des Laptops ausgeschaltet werden, um von den virtuellen Teilnehmenden besser gesehen zu werden.<\/li>\n\n\n\n<li>Der Videofeed vor dem Bildschirm im Besprechungsraum wird ausgeblendet, um Ablenkungen zu vermeiden.<\/li>\n<\/ul>\n\n\n\n<p id=\"viewer-ejd3e\">Da Teams-Rooms stark von der richtigen Hardware abh\u00e4ngt, werden auch neue Produkte auf den Markt kommen. Microsoft hat mit der Surface Hub 2 Smart Camera, bereits eine neue Kamera auf den Markt gebracht. Diese bietet Remote-Meeting-Plattformen einen dynamischeren Blick auf den Besprechungsraum und liefert on top einen automatischem Bildausschnitt. Als Erweiterung sind nun im zweiten Quartal touchf\u00e4hige Display-Produkte f\u00fcr Teams-Rooms auf Android von Neat und Yealink geplant.<\/p>\n\n\n\n<p><\/p>\n\n\n\n<h2 class=\"wp-block-heading\">50 neue Vorlagen und noch viel mehr f\u00fcr das vielgenutzte Whiteboard<\/h2>\n\n\n\n<p id=\"viewer-afbb2\">Microsoft verbessert auch das Whiteboard in Teams mit zus\u00e4tzlichen Mausanzeigern f\u00fcr die Zusammenarbeit, 50 neuen Vorlagen, kontextbezogenen Reaktionen und einer M\u00f6glichkeit, bestehende Whiteboards zu \u00f6ffnen, um mit externen Teilnehmern zusammenzuarbeiten.<\/p>\n\n\n\n<p id=\"viewer-ct201\">Wie auch das Outlook-Update d\u00fcrften die Updates der Dolmetschoption und des Whiteboards im zweiten Quartal diesen Jahres zu erwarten sein<\/p>\n\n\n\n<p><\/p>\n","protected":false},"excerpt":{"rendered":"<p>Neue Funktionen f\u00fcr Microsoft Teams und Outlook Mit den neuen Funktionen f\u00fcr Teams und Outlook geht Microsoft auf die Bed\u00fcrfnisse von Menschen ein, die hybrid arbeiten, also mal im B\u00fcro sind und mal von ausserhalb arbeiten. Die Updates erm\u00f6glichen den Nutzern bestimmte Optionen auszuw\u00e4hlen, je nachdem, ob sie im B\u00fcro arbeiten oder von zu Hause. [&hellip;]<\/p>\n","protected":false},"author":1,"featured_media":0,"parent":0,"menu_order":0,"comment_status":"closed","ping_status":"closed","template":"","meta":{"footnotes":""},"class_list":["post-2","page","type-page","status-publish","hentry"],"_links":{"self":[{"href":"https:\/\/www.it-line.ch\/index.php?rest_route=\/wp\/v2\/pages\/2","targetHints":{"allow":["GET"]}}],"collection":[{"href":"https:\/\/www.it-line.ch\/index.php?rest_route=\/wp\/v2\/pages"}],"about":[{"href":"https:\/\/www.it-line.ch\/index.php?rest_route=\/wp\/v2\/types\/page"}],"author":[{"embeddable":true,"href":"https:\/\/www.it-line.ch\/index.php?rest_route=\/wp\/v2\/users\/1"}],"replies":[{"embeddable":true,"href":"https:\/\/www.it-line.ch\/index.php?rest_route=%2Fwp%2Fv2%2Fcomments&post=2"}],"version-history":[{"count":1,"href":"https:\/\/www.it-line.ch\/index.php?rest_route=\/wp\/v2\/pages\/2\/revisions"}],"predecessor-version":[{"id":12,"href":"https:\/\/www.it-line.ch\/index.php?rest_route=\/wp\/v2\/pages\/2\/revisions\/12"}],"wp:attachment":[{"href":"https:\/\/www.it-line.ch\/index.php?rest_route=%2Fwp%2Fv2%2Fmedia&parent=2"}],"curies":[{"name":"wp","href":"https:\/\/api.w.org\/{rel}","templated":true}]}}